{"id":16,"date":"2017-11-07T14:23:18","date_gmt":"2017-11-07T13:23:18","guid":{"rendered":"https:\/\/le.nantes.archi.fr\/?page_id=16"},"modified":"2017-12-13T17:11:40","modified_gmt":"2017-12-13T16:11:40","slug":"organisation-des-etudes","status":"publish","type":"page","link":"https:\/\/le.nantes.archi.fr\/?page_id=16","title":{"rendered":"Organisation des \u00e9tudes"},"content":{"rendered":"<h2>Les \u00e9tudes d\u2019architecture<\/h2>\n<p>La r\u00e9forme des \u00e9tudes d\u2019architecture en 2005 s\u2019inscrit dans le cadre du dispositif d\u2019harmonisation \u00e0 l\u2019\u00e9chelle europ\u00e9enne des cursus et grades universitaires \u00ab <strong>licence, master, doctorat<\/strong> \u00bb (LMD).<br \/>\nLes \u00e9tudes d\u2019architecture sont r\u00e9glement\u00e9es par le d\u00e9cret n\u00b0 2005 \u2013734 du 30 juin 2005 relatif aux \u00e9tudes paru au J.O. du 1er juillet 2005 et ses arr\u00eat\u00e9s d\u2019application du 20 juillet 2005 parus au J.O du 27 ao\u00fbt 2005.<br \/>\nLe cursus peut \u00eatre suivi en formation initiale ou en formation professionnelle continue. Il se compose de trois cycles :<\/p>\n<ul>\n<li>Le premier cycle, d\u2019une dur\u00e9e de 3 ans (6 semestres valant 180 ECTS) conduit \u00e0 l\u2019obtention du <strong>Dipl\u00f4me d\u2019\u00e9tudes en architecture<\/strong> conf\u00e9rant le grade de Licence ;<\/li>\n<li>Le deuxi\u00e8me cycle, d\u2019une dur\u00e9e de 2 ans (4 semestres valant 120 ECTS) conduit \u00e0 l\u2019obtention du <strong>Dipl\u00f4me d\u2019Etat d\u2019architecte<\/strong> conf\u00e9rant le grade de Master ;<\/li>\n<li>Le troisi\u00e8me cycle, d\u2019une dur\u00e9e de 3 ans conduit \u00e0 l\u2019obtention du <strong>doctorat en architecture<\/strong><\/li>\n<\/ul>\n<p>A l\u2019issue du deuxi\u00e8me cycle, le titulaire du dipl\u00f4me d\u2019Etat d\u2019architecte peut s\u2019engager dans une <strong>formation \u00e0 l\u2019habilitation \u00e0 exercer la ma\u00eetrise d\u2019\u0153uvre en son nom propre (HMONP)<\/strong> soit directement apr\u00e8s l\u2019obtention du dipl\u00f4me, soit apr\u00e8s une p\u00e9riode d\u2019activit\u00e9 professionnelle en qualit\u00e9 d\u2019architecte dipl\u00f4m\u00e9 d\u2019Etat. Ce dipl\u00f4me ouvre le droit \u00e0 l\u2019inscription \u00e0 l\u2019ordre des architectes.<\/p>\n<p>Par ailleurs, les \u00e9tudes d\u2019architecture peuvent mener \u00e0 des <strong>dipl\u00f4mes de sp\u00e9cialisation et d\u2019approfondissement en architecture (DSA)<\/strong> et \u00e0 des formations conduisant \u00e0 d\u2019autres <strong>dipl\u00f4mes nationaux de l\u2019enseignement sup\u00e9rieur<\/strong> ; ou dans les domaines proches de l\u2019architecture, \u00e0 des <strong>dipl\u00f4mes propres aux \u00e9coles nationales sup\u00e9rieures d&rsquo;architecture<\/strong> (DPEA).<\/p>\n<p>Enfin, les \u00e9tudes d\u2019architecture comportent une formation doctorale et l\u2019ensa Nantes est habilit\u00e9e \u00e0 d\u00e9livrer, avec la Comue Bretagne Loire, le Doctorat en architecture.<\/p>\n<h2>Les unit\u00e9s d\u2019enseignements et les European Credits Transfer System (ECTS)<\/h2>\n<p>Les formations s\u2019organisent en <strong>unit\u00e9s d\u2019enseignement (UE)<\/strong>. Les UE sont constitu\u00e9es d\u2019au moins deux enseignements ayant entre eux une coh\u00e9rence scientifique et p\u00e9dagogique. Dans chaque UE doivent figurer, au moins, deux modes p\u00e9dagogiques diff\u00e9rents : cours magistraux, travaux dirig\u00e9s, travaux pratiques, s\u00e9minaires et\/ou enseignement du projet, etc\u2026.<\/p>\n<p>Ces UE permettent \u00e0 l\u2019\u00e9tudiant, apr\u00e8s validation des enseignements, d\u2019acqu\u00e9rir des cr\u00e9dits europ\u00e9ens, les <strong>ECTS (European Credits Transfert System)<\/strong>, favorisant la mobilit\u00e9 et la construction de son parcours d\u2019enseignement sup\u00e9rieur soit dans un autre \u00e9tablissement d\u2019enseignement sup\u00e9rieur d\u2019architecture fran\u00e7ais ou europ\u00e9en, soit dans le cadre d\u2019une r\u00e9orientation.<\/p>\n<p>Les cr\u00e9dits europ\u00e9ens expriment, sous la forme d\u2019une valeur num\u00e9rique affect\u00e9e \u00e0 chaque unit\u00e9 d\u2019enseignement, le volume de travail fourni par l\u2019\u00e9tudiant, en temps encadr\u00e9 comme en temps de travail personnel. <strong>Chaque semestre permet de valider 30 cr\u00e9dits europ\u00e9ens<\/strong> r\u00e9partis entre les diff\u00e9rentes UE. La validation d\u2019une UE est globale et permet \u00e0 l\u2019\u00e9tudiant l\u2019attribution des ECTS correspondants. Tout au long d\u2019un parcours, les cr\u00e9dits obtenus sont capitalis\u00e9s.<\/p>\n<h2>Les modalit\u00e9s de contr\u00f4le des connaissances<\/h2>\n<p>L\u2019appr\u00e9ciation des aptitudes et acquisitions des connaissances se fait soit par un <strong>contr\u00f4le continu et r\u00e9gulier<\/strong>, soit par une <strong>\u00e9valuation<\/strong> ou un <strong>examen final<\/strong>, soit par ces <strong>deux modes de contr\u00f4le combin\u00e9s<\/strong>.<\/p>\n<p>Tout au long de ses \u00e9tudes, l\u2019\u00e9tudiant des formations de l\u2019ensa nantes est \u00e9valu\u00e9 \u00e0 partir la nature de ses productions: examens \u00e9crits, pr\u00e9sentations orales de projet (collectives ou individuelles) devant des jurys d\u2019\u00e9cole ou des jurys ouverts \u00e0 des professionnels, dossiers (collectifs ou individuels), cr\u00e9ations plastiques, maquette\u2026 L\u2019\u00e9tudiant peut \u00e9galement \u00eatre confront\u00e9 \u00e0 diff\u00e9rentes \u00e9chelles de notation : note sur 20 points, lettres (de A \u00e0 F), appr\u00e9ciations qualitatives, validation ou pas de l\u2019atteinte d\u2019un objectif p\u00e9dagogique\u2026 Cependant, quelle que soit l\u2019\u00e9chelle de notation retenue pendant le semestre, l\u2019enseignant transmet \u00e0 l\u2019administration une note sur 20.<\/p>\n<p>Les modalit\u00e9s d\u2019\u00e9valuation sont d\u00e9crites pour chaque enseignement dans le livret de l\u2019\u00e9tudiant. Pour l\u2019obtention d\u2019un dipl\u00f4me, toutes les UE doivent \u00eatre valid\u00e9es (note &gt; 10). A l\u2019int\u00e9rieur de chaque UE, les enseignements peuvent se compenser \u00e0 l\u2019exception des enseignements de projet architectural, qui sont non compensables et non rattrapables. La note finale d\u2019une unit\u00e9 d\u2019enseignement est \u00e9tablie par le jury souverain \u00e0 partir des notes du contr\u00f4le continu, des contr\u00f4les partiels ou interm\u00e9diaires et de la note du contr\u00f4le final selon les modalit\u00e9s de contr\u00f4le et les crit\u00e8res d\u2019appr\u00e9ciation pr\u00e9cis\u00e9s pour chaque unit\u00e9 d\u2019enseignement dans le programme p\u00e9dagogique. La note finale du projet int\u00e8gre une partie correspondant \u00e0 un travail individuel et identifi\u00e9 de l\u2019\u00e9tudiant. Cette note individuelle compte au minimum pour un 1\/3 de la note finale. Une appr\u00e9ciation du travail fourni par chaque \u00e9tudiant est donn\u00e9e par les enseignants de projet afin de pouvoir suivre l\u2019\u00e9volution de son parcours d\u2019\u00e9tudes.\u00a0 La plupart des examens et jurys de projet ont lieu en interne, \u00e0 l\u2019\u00e9cole, mais aussi parfois sur les terrains d\u2019\u00e9tude. Les certifications en langue \u00e9trang\u00e8re ou l\u2019\u00e9valuation des enseignements mutualis\u00e9s avec d\u2019autres \u00e9tablissements peuvent se d\u00e9rouler en dehors de l\u2019\u00e9tablissement.<\/p>\n<p><strong>Pour plus d\u2019infos : cf le r\u00e8glement des \u00e9tudes ou le livret de l\u2019\u00e9tudiant pour les d\u00e9tails de chaque enseignement.<\/strong><\/p>\n","protected":false},"excerpt":{"rendered":"<p>Les \u00e9tudes d\u2019architecture La r\u00e9forme des \u00e9tudes d\u2019architecture en 2005 s\u2019inscrit dans le cadre du dispositif d\u2019harmonisation \u00e0 l\u2019\u00e9chelle europ\u00e9enne des cursus et grades universitaires \u00ab licence, master, doctorat \u00bb (LMD). Les \u00e9tudes d\u2019architecture sont r\u00e9glement\u00e9es par le d\u00e9cret n\u00b0 2005 \u2013734 du 30 juin 2005 relatif aux \u00e9tudes paru au J.O. du 1er juillet &hellip; <\/p>\n<p class=\"link-more\"><a href=\"https:\/\/le.nantes.archi.fr\/?page_id=16\" class=\"more-link\">Continuer la lecture<span class=\"screen-reader-text\"> de &laquo;&nbsp;Organisation des \u00e9tudes&nbsp;&raquo;<\/span><\/a><\/p>\n","protected":false},"author":1,"featured_media":0,"parent":0,"menu_order":0,"comment_status":"closed","ping_status":"closed","template":"","meta":{"_acf_changed":false,"footnotes":""},"class_list":["post-16","page","type-page","status-publish","hentry"],"acf":[],"_links":{"self":[{"href":"https:\/\/le.nantes.archi.fr\/index.php?rest_route=\/wp\/v2\/pages\/16","targetHints":{"allow":["GET"]}}],"collection":[{"href":"https:\/\/le.nantes.archi.fr\/index.php?rest_route=\/wp\/v2\/pages"}],"about":[{"href":"https:\/\/le.nantes.archi.fr\/index.php?rest_route=\/wp\/v2\/types\/page"}],"author":[{"embeddable":true,"href":"https:\/\/le.nantes.archi.fr\/index.php?rest_route=\/wp\/v2\/users\/1"}],"replies":[{"embeddable":true,"href":"https:\/\/le.nantes.archi.fr\/index.php?rest_route=%2Fwp%2Fv2%2Fcomments&post=16"}],"version-history":[{"count":15,"href":"https:\/\/le.nantes.archi.fr\/index.php?rest_route=\/wp\/v2\/pages\/16\/revisions"}],"predecessor-version":[{"id":140,"href":"https:\/\/le.nantes.archi.fr\/index.php?rest_route=\/wp\/v2\/pages\/16\/revisions\/140"}],"wp:attachment":[{"href":"https:\/\/le.nantes.archi.fr\/index.php?rest_route=%2Fwp%2Fv2%2Fmedia&parent=16"}],"curies":[{"name":"wp","href":"https:\/\/api.w.org\/{rel}","templated":true}]}}