{"id":205,"date":"2017-12-18T16:24:45","date_gmt":"2017-12-18T15:24:45","guid":{"rendered":"https:\/\/le.nantes.archi.fr\/?page_id=205"},"modified":"2017-12-21T12:45:10","modified_gmt":"2017-12-21T11:45:10","slug":"remerciements","status":"publish","type":"page","link":"https:\/\/le.nantes.archi.fr\/?page_id=205","title":{"rendered":"Remerciements"},"content":{"rendered":"<p style=\"text-align: center;\"><strong>Remerciements \u00e0 :\u00a0<\/strong><\/p>\n<p style=\"text-align: center;\">Mathieu Billaud (Anima Productions)<\/p>\n<p style=\"text-align: center;\">Camille Boisseau<\/p>\n<p style=\"text-align: center;\">Anne de Chanterac<\/p>\n<p style=\"text-align: center;\">Anthony Clochard et le CVE<\/p>\n<p style=\"text-align: center;\"><span style=\"display: inline !important; float: none; background-color: transparent; color: #333333; cursor: text; font-family: 'Libre Franklin','Helvetica Neue',helvetica,arial,sans-serif; font-size: 16px; font-style: normal; font-variant: normal; font-weight: 400; letter-spacing: normal; orphans: 2; text-align: left; text-decoration: none; text-indent: 0px; text-transform: none; -webkit-text-stroke-width: 0px; white-space: normal; word-spacing: 0px;\">Christian Dautel<\/span><\/p>\n<p style=\"text-align: center;\">Claire Dejoux<\/p>\n<p style=\"text-align: center;\">Jean Depagne (Anima Productions)<\/p>\n<p style=\"text-align: center;\">Elisabeth Dreyfus<\/p>\n<p style=\"text-align: center;\">Claudia Enrech<\/p>\n<p style=\"text-align: center;\">Guillaume Ertaud<\/p>\n<p style=\"text-align: center;\">Gaspar Guillouet<\/p>\n<p style=\"text-align: center;\">H\u00e9l\u00e8ne Le Bon et le service des \u00e9tudes<\/p>\n<p style=\"text-align: center;\">Am\u00e9d\u00e9e Legal et le service informatique<\/p>\n<p style=\"text-align: center;\">Lobo Ravelontsalama<\/p>\n<p style=\"text-align: center;\">Tess Schirmer<\/p>\n<p style=\"text-align: center;\">Et tous les enseignants<\/p>\n<p>&nbsp;<\/p>\n","protected":false},"excerpt":{"rendered":"<p>Remerciements \u00e0 :\u00a0 Mathieu Billaud (Anima Productions) Camille Boisseau Anne de Chanterac Anthony Clochard et le CVE Christian Dautel Claire Dejoux Jean Depagne (Anima Productions) Elisabeth Dreyfus Claudia Enrech Guillaume Ertaud Gaspar Guillouet H\u00e9l\u00e8ne Le Bon et le service des \u00e9tudes Am\u00e9d\u00e9e Legal et le service informatique Lobo Ravelontsalama Tess Schirmer Et tous les enseignants &hellip; <\/p>\n<p class=\"link-more\"><a href=\"https:\/\/le.nantes.archi.fr\/?page_id=205\" class=\"more-link\">Continuer la lecture<span class=\"screen-reader-text\"> de &laquo;&nbsp;Remerciements&nbsp;&raquo;<\/span><\/a><\/p>\n","protected":false},"author":1,"featured_media":0,"parent":0,"menu_order":0,"comment_status":"closed","ping_status":"closed","template":"","meta":{"_acf_changed":false,"footnotes":""},"class_list":["post-205","page","type-page","status-publish","hentry"],"acf":[],"_links":{"self":[{"href":"https:\/\/le.nantes.archi.fr\/index.php?rest_route=\/wp\/v2\/pages\/205","targetHints":{"allow":["GET"]}}],"collection":[{"href":"https:\/\/le.nantes.archi.fr\/index.php?rest_route=\/wp\/v2\/pages"}],"about":[{"href":"https:\/\/le.nantes.archi.fr\/index.php?rest_route=\/wp\/v2\/types\/page"}],"author":[{"embeddable":true,"href":"https:\/\/le.nantes.archi.fr\/index.php?rest_route=\/wp\/v2\/users\/1"}],"replies":[{"embeddable":true,"href":"https:\/\/le.nantes.archi.fr\/index.php?rest_route=%2Fwp%2Fv2%2Fcomments&post=205"}],"version-history":[{"count":6,"href":"https:\/\/le.nantes.archi.fr\/index.php?rest_route=\/wp\/v2\/pages\/205\/revisions"}],"predecessor-version":[{"id":340,"href":"https:\/\/le.nantes.archi.fr\/index.php?rest_route=\/wp\/v2\/pages\/205\/revisions\/340"}],"wp:attachment":[{"href":"https:\/\/le.nantes.archi.fr\/index.php?rest_route=%2Fwp%2Fv2%2Fmedia&parent=205"}],"curies":[{"name":"wp","href":"https:\/\/api.w.org\/{rel}","templated":true}]}}