{"id":2069,"date":"2023-10-25T09:31:52","date_gmt":"2023-10-25T07:31:52","guid":{"rendered":"https:\/\/le.nantes.archi.fr\/?page_id=2069"},"modified":"2026-04-09T10:10:58","modified_gmt":"2026-04-09T08:10:58","slug":"synopsis-des-formations","status":"publish","type":"page","link":"https:\/\/le.nantes.archi.fr\/?page_id=2069","title":{"rendered":"Synopsis des formations"},"content":{"rendered":"\n<p>Synopsis des formations et modalit\u00e9s de contr\u00f4le des connaissances<\/p>\n\n\n\n<p><strong>Licence<\/strong><\/p>\n\n\n\n<div data-wp-interactive=\"core\/file\" class=\"wp-block-file\"><object data-wp-bind--hidden=\"!state.hasPdfPreview\" hidden class=\"wp-block-file__embed\" data=\"https:\/\/le.nantes.archi.fr\/wp-content\/uploads\/2025\/09\/2526_MCC_Licence-1.pdf\" type=\"application\/pdf\" style=\"width:100%;height:600px\" aria-label=\"Contenu embarqu\u00e9 2526_MCC_Licence.\"><\/object><a id=\"wp-block-file--media-9b2b1883-3a04-4a79-b4e6-f4364356822b\" href=\"https:\/\/le.nantes.archi.fr\/wp-content\/uploads\/2025\/09\/2526_MCC_Licence-1.pdf\">2526_MCC_Licence<\/a><a href=\"https:\/\/le.nantes.archi.fr\/wp-content\/uploads\/2025\/09\/2526_MCC_Licence-1.pdf\" class=\"wp-block-file__button wp-element-button\" download aria-describedby=\"wp-block-file--media-9b2b1883-3a04-4a79-b4e6-f4364356822b\">T\u00e9l\u00e9charger<\/a><\/div>\n\n\n\n<p><strong>Master Synopsis<\/strong><\/p>\n\n\n\n<div data-wp-interactive=\"core\/file\" class=\"wp-block-file\"><object data-wp-bind--hidden=\"!state.hasPdfPreview\" hidden class=\"wp-block-file__embed\" data=\"https:\/\/le.nantes.archi.fr\/wp-content\/uploads\/2024\/09\/Master_Synopsis.pdf\" type=\"application\/pdf\" style=\"width:100%;height:600px\" aria-label=\"Contenu embarqu\u00e9 Master_Synopsis.\"><\/object><a id=\"wp-block-file--media-5d641bdf-c9fe-4956-944c-dd2cb8951d62\" href=\"https:\/\/le.nantes.archi.fr\/wp-content\/uploads\/2024\/09\/Master_Synopsis.pdf\">Master_Synopsis<\/a><a href=\"https:\/\/le.nantes.archi.fr\/wp-content\/uploads\/2024\/09\/Master_Synopsis.pdf\" class=\"wp-block-file__button wp-element-button\" download aria-describedby=\"wp-block-file--media-5d641bdf-c9fe-4956-944c-dd2cb8951d62\">T\u00e9l\u00e9charger<\/a><\/div>\n\n\n\n<p><strong>Master Modalit\u00e9s de contr\u00f4le des connaissances<\/strong><\/p>\n\n\n\n<div data-wp-interactive=\"core\/file\" class=\"wp-block-file\"><object data-wp-bind--hidden=\"!state.hasPdfPreview\" hidden class=\"wp-block-file__embed\" data=\"https:\/\/le.nantes.archi.fr\/wp-content\/uploads\/2025\/09\/2526_MCC_Master.pdf\" type=\"application\/pdf\" style=\"width:100%;height:600px\" aria-label=\"Contenu embarqu\u00e9 2526_MCC_Master.\"><\/object><a id=\"wp-block-file--media-9b4b364d-a397-470f-b7f9-907e0ad8811c\" href=\"https:\/\/le.nantes.archi.fr\/wp-content\/uploads\/2025\/09\/2526_MCC_Master.pdf\">2526_MCC_Master<\/a><a href=\"https:\/\/le.nantes.archi.fr\/wp-content\/uploads\/2025\/09\/2526_MCC_Master.pdf\" class=\"wp-block-file__button wp-element-button\" download aria-describedby=\"wp-block-file--media-9b4b364d-a397-470f-b7f9-907e0ad8811c\">T\u00e9l\u00e9charger<\/a><\/div>\n\n\n\n<p><strong>Cycle Pr\u00e9paratoire Double Cursus Architecte Ing\u00e9nieur<\/strong><\/p>\n\n\n\n<div data-wp-interactive=\"core\/file\" class=\"wp-block-file\"><object data-wp-bind--hidden=\"!state.hasPdfPreview\" hidden class=\"wp-block-file__embed\" data=\"https:\/\/le.nantes.archi.fr\/wp-content\/uploads\/2025\/09\/2526_MCC_Prepa_DCAI.pdf\" type=\"application\/pdf\" style=\"width:100%;height:600px\" aria-label=\"Contenu embarqu\u00e9 2526_MCC_Prepa_DCAI.\"><\/object><a id=\"wp-block-file--media-6e9c89f0-0e33-42aa-9446-96dcca12ee37\" href=\"https:\/\/le.nantes.archi.fr\/wp-content\/uploads\/2025\/09\/2526_MCC_Prepa_DCAI.pdf\">2526_MCC_Prepa_DCAI<\/a><a href=\"https:\/\/le.nantes.archi.fr\/wp-content\/uploads\/2025\/09\/2526_MCC_Prepa_DCAI.pdf\" class=\"wp-block-file__button wp-element-button\" download aria-describedby=\"wp-block-file--media-6e9c89f0-0e33-42aa-9446-96dcca12ee37\">T\u00e9l\u00e9charger<\/a><\/div>\n\n\n\n<p><strong>Licence et Master FPC<\/strong><\/p>\n\n\n\n<div data-wp-interactive=\"core\/file\" class=\"wp-block-file\"><object data-wp-bind--hidden=\"!state.hasPdfPreview\" hidden class=\"wp-block-file__embed\" data=\"https:\/\/le.nantes.archi.fr\/wp-content\/uploads\/2026\/04\/2526_Synopsis_FPC.pdf\" type=\"application\/pdf\" style=\"width:100%;height:600px\" aria-label=\"Contenu embarqu\u00e9 2526_Synopsis_FPC.\"><\/object><a id=\"wp-block-file--media-c6c618f9-6220-4562-81f1-aa4a3fab5ea7\" href=\"https:\/\/le.nantes.archi.fr\/wp-content\/uploads\/2026\/04\/2526_Synopsis_FPC.pdf\">2526_Synopsis_FPC<\/a><a href=\"https:\/\/le.nantes.archi.fr\/wp-content\/uploads\/2026\/04\/2526_Synopsis_FPC.pdf\" class=\"wp-block-file__button wp-element-button\" download aria-describedby=\"wp-block-file--media-c6c618f9-6220-4562-81f1-aa4a3fab5ea7\">T\u00e9l\u00e9charger<\/a><\/div>\n\n\n\n<p><strong>Master en apprentissage<\/strong><\/p>\n\n\n\n<div data-wp-interactive=\"core\/file\" class=\"wp-block-file\"><object data-wp-bind--hidden=\"!state.hasPdfPreview\" hidden class=\"wp-block-file__embed\" data=\"https:\/\/le.nantes.archi.fr\/wp-content\/uploads\/2025\/10\/Alternance-_-synopsis_M1M2.pdf\" type=\"application\/pdf\" style=\"width:100%;height:600px\" aria-label=\"Contenu embarqu\u00e9 [Alternance] _ synopsis_M1M2.\"><\/object><a id=\"wp-block-file--media-0b70474d-1064-403a-a376-6ca8a82c1292\" href=\"https:\/\/le.nantes.archi.fr\/wp-content\/uploads\/2025\/10\/Alternance-_-synopsis_M1M2.pdf\">[Alternance] _ synopsis_M1M2<\/a><a href=\"https:\/\/le.nantes.archi.fr\/wp-content\/uploads\/2025\/10\/Alternance-_-synopsis_M1M2.pdf\" class=\"wp-block-file__button wp-element-button\" download aria-describedby=\"wp-block-file--media-0b70474d-1064-403a-a376-6ca8a82c1292\">T\u00e9l\u00e9charger<\/a><\/div>\n","protected":false},"excerpt":{"rendered":"<p>Synopsis des formations et modalit\u00e9s de contr\u00f4le des connaissances Licence Master Synopsis Master Modalit\u00e9s de contr\u00f4le des connaissances Cycle Pr\u00e9paratoire Double Cursus Architecte Ing\u00e9nieur Licence et Master FPC Master en apprentissage<\/p>\n","protected":false},"author":6,"featured_media":0,"parent":0,"menu_order":0,"comment_status":"closed","ping_status":"closed","template":"","meta":{"_acf_changed":false,"footnotes":""},"class_list":["post-2069","page","type-page","status-publish","hentry"],"acf":[],"_links":{"self":[{"href":"https:\/\/le.nantes.archi.fr\/index.php?rest_route=\/wp\/v2\/pages\/2069","targetHints":{"allow":["GET"]}}],"collection":[{"href":"https:\/\/le.nantes.archi.fr\/index.php?rest_route=\/wp\/v2\/pages"}],"about":[{"href":"https:\/\/le.nantes.archi.fr\/index.php?rest_route=\/wp\/v2\/types\/page"}],"author":[{"embeddable":true,"href":"https:\/\/le.nantes.archi.fr\/index.php?rest_route=\/wp\/v2\/users\/6"}],"replies":[{"embeddable":true,"href":"https:\/\/le.nantes.archi.fr\/index.php?rest_route=%2Fwp%2Fv2%2Fcomments&post=2069"}],"version-history":[{"count":21,"href":"https:\/\/le.nantes.archi.fr\/index.php?rest_route=\/wp\/v2\/pages\/2069\/revisions"}],"predecessor-version":[{"id":2817,"href":"https:\/\/le.nantes.archi.fr\/index.php?rest_route=\/wp\/v2\/pages\/2069\/revisions\/2817"}],"wp:attachment":[{"href":"https:\/\/le.nantes.archi.fr\/index.php?rest_route=%2Fwp%2Fv2%2Fmedia&parent=2069"}],"curies":[{"name":"wp","href":"https:\/\/api.w.org\/{rel}","templated":true}]}}