{"id":207,"date":"2017-12-18T16:25:30","date_gmt":"2017-12-18T15:25:30","guid":{"rendered":"https:\/\/le.nantes.archi.fr\/?page_id=207"},"modified":"2017-12-21T12:41:11","modified_gmt":"2017-12-21T11:41:11","slug":"mentions-legales","status":"publish","type":"page","link":"https:\/\/le.nantes.archi.fr\/?page_id=207","title":{"rendered":"Mentions l\u00e9gales"},"content":{"rendered":"<h4>EDITION ET PUBLICATION :<\/h4>\n<p>Ensa Nantes<br \/>\nEcole Nationale Sup\u00e9rieure d&rsquo;Architecture de Nantes<br \/>\n6 quai Fran\u00e7ois Mitterrand &#8211; BP 16202 &#8211; 44262 Nantes cedex 2<br \/>\n\u00c9tablissement public national d&rsquo;enseignement sup\u00e9rieur et de recherche<br \/>\nT\u00e9l. : 02 40 16 01 21<br \/>\nFax : 02 40 59 16 70<br \/>\nEmail : ensa@nantes.archi.fr<\/p>\n<p>Directeur de la publication :<br \/>\nChristian Dautel<\/p>\n<h4>HEBERGEMENT :<\/h4>\n<p>Ensa Nantes<\/p>\n<h4>CONCEPTION :<\/h4>\n<p>Anima Productions<\/p>\n<p>http:\/\/www.animaproductions.com\/<\/p>\n<p>&nbsp;<\/p>\n","protected":false},"excerpt":{"rendered":"<p>EDITION ET PUBLICATION : Ensa Nantes Ecole Nationale Sup\u00e9rieure d&rsquo;Architecture de Nantes 6 quai Fran\u00e7ois Mitterrand &#8211; BP 16202 &#8211; 44262 Nantes cedex 2 \u00c9tablissement public national d&rsquo;enseignement sup\u00e9rieur et de recherche T\u00e9l. : 02 40 16 01 21 Fax : 02 40 59 16 70 Email : ensa@nantes.archi.fr Directeur de la publication : Christian &hellip; <\/p>\n<p class=\"link-more\"><a href=\"https:\/\/le.nantes.archi.fr\/?page_id=207\" class=\"more-link\">Continuer la lecture<span class=\"screen-reader-text\"> de &laquo;&nbsp;Mentions l\u00e9gales&nbsp;&raquo;<\/span><\/a><\/p>\n","protected":false},"author":1,"featured_media":0,"parent":0,"menu_order":0,"comment_status":"closed","ping_status":"closed","template":"","meta":{"_acf_changed":false,"footnotes":""},"class_list":["post-207","page","type-page","status-publish","hentry"],"acf":[],"_links":{"self":[{"href":"https:\/\/le.nantes.archi.fr\/index.php?rest_route=\/wp\/v2\/pages\/207","targetHints":{"allow":["GET"]}}],"collection":[{"href":"https:\/\/le.nantes.archi.fr\/index.php?rest_route=\/wp\/v2\/pages"}],"about":[{"href":"https:\/\/le.nantes.archi.fr\/index.php?rest_route=\/wp\/v2\/types\/page"}],"author":[{"embeddable":true,"href":"https:\/\/le.nantes.archi.fr\/index.php?rest_route=\/wp\/v2\/users\/1"}],"replies":[{"embeddable":true,"href":"https:\/\/le.nantes.archi.fr\/index.php?rest_route=%2Fwp%2Fv2%2Fcomments&post=207"}],"version-history":[{"count":2,"href":"https:\/\/le.nantes.archi.fr\/index.php?rest_route=\/wp\/v2\/pages\/207\/revisions"}],"predecessor-version":[{"id":338,"href":"https:\/\/le.nantes.archi.fr\/index.php?rest_route=\/wp\/v2\/pages\/207\/revisions\/338"}],"wp:attachment":[{"href":"https:\/\/le.nantes.archi.fr\/index.php?rest_route=%2Fwp%2Fv2%2Fmedia&parent=207"}],"curies":[{"name":"wp","href":"https:\/\/api.w.org\/{rel}","templated":true}]}}