{"id":31,"date":"2017-11-15T14:52:11","date_gmt":"2017-11-15T13:52:11","guid":{"rendered":"https:\/\/le.nantes.archi.fr\/?page_id=31"},"modified":"2021-12-16T17:13:58","modified_gmt":"2021-12-16T16:13:58","slug":"les-mobilites-internationales","status":"publish","type":"page","link":"https:\/\/le.nantes.archi.fr\/?page_id=31","title":{"rendered":"Mobilit\u00e9s internationales"},"content":{"rendered":"\n<h2 class=\"wp-block-heading\">Outgoing<\/h2>\n\n\n\n<h4 class=\"wp-block-heading\">Avant la mobilit\u00e9<\/h4>\n\n\n\n<p><em>Pour vous<\/em> : v\u00e9rifier que vos documents d\u2019identit\u00e9 sont bien \u00e0 jour, souscrire \u00e0 une assurance de s\u00e9curit\u00e9 sociale et responsabilit\u00e9 civile \u00e0 l\u2019\u00e9tranger, faire sa demande de visa si n\u00e9cessaire, faire les vaccins recommand\u00e9s ou obligatoires, demander les bourses, se r\u00e9inscrire administrativement \u00e0 l\u2019ensa Nantes, s\u2019inscrire sur le portail Ariane et au consulat g\u00e9n\u00e9ral de France d\u00e8s votre arriv\u00e9e<br><em>Pour l\u2019Ensa Nantes<\/em> : remplir le contrat de mobilit\u00e9, faire approuver le contrat d\u2019\u00e9tudes par l\u2019enseignant r\u00e9f\u00e9rent.<br><em>Pour l\u2019\u00e9tablissement d\u2019accueil<\/em> : remplir le dossier d\u2019inscription qui peut \u00eatre en ligne sur une plateforme, version \u00ab papier \u00bb \u00e0 envoyer par mail ou courrier.<\/p>\n\n\n\n<h4 class=\"wp-block-heading\">Pendant la mobilit\u00e9<\/h4>\n\n\n\n<p>Chaque \u00e9tudiant doit signer un contrat d&rsquo;\u00e9tudes ou Learning agreement (en annexe) \u00e9tabli avec le bureau de la mobilit\u00e9 \u00e9tudiante internationale et le coordinateur p\u00e9dagogique, en accord avec l&rsquo;\u00e9tablissement d&rsquo;accueil. Celui-ci est modifi\u00e9 par la suite, au moyen d&rsquo;un nouveau contrat. Cette version modifi\u00e9e doit faire l&rsquo;objet d&rsquo;un accord de toutes les parties. Elle doit \u00eatre envoy\u00e9e dans les 15 jours suivant le d\u00e9but des cours \u00e0 <a href=\"mailto:relations.internationales@nantes.archi.fr\">relations.internationales@nantes.archi.fr<\/a><\/p>\n\n\n\n<h4 class=\"wp-block-heading\">Apr\u00e8s la mobilit\u00e9<\/h4>\n\n\n\n<p>L\u2019\u00e9tudiant s\u2019engage \u00e0 son retour de mobilit\u00e9 de partager son exp\u00e9rience via le questionnaire en ligne pour constituer le catalogue de Retours sur Mobilit\u00e9s. Ces informations sont destin\u00e9es \u00e0 venir alimenter une base de donn\u00e9es mise \u00e0 disposition des futurs \u00e9tudiants sortants.<br>Dans le cadre du programme Erasmus +, l\u2019\u00e9tudiant doit \u00e9galement remplir un rapport final en ligne \u00e0 l&rsquo;issue de la mobilit\u00e9 en suivant le lien re\u00e7u par email et qui \u00e9mane de &lt;replies-will-be-discarded@ec-europa.eu&gt;. Ce rapport final conditionne \u00e9galement la d\u00e9livrance du dernier versement de la bourse Erasmus. Il doit \u00eatre rempli au plus tard 15 jours apr\u00e8s le retour de mobilit\u00e9.<br>L&rsquo;attestation de pr\u00e9sence, qui conditionne le dernier versement des bourses doit \u00eatre compl\u00e9t\u00e9e par l\u2019\u00e9tablissement d\u2019accueil avant le retour. Elle est \u00e0 renvoyer par email \u00e0 relations.internationales@nantes.archi.fr dans un premier temps et \u00e0 fournir dans sa version originale au retour.<br>Pour la validation de son\/ses semestre(s), chaque \u00e9tudiant doit imp\u00e9rativement, rapporter l&rsquo;original de son ou ses relev\u00e9s de notes (si l\u2019\u00e9tablissement partenaire ne l\u2019a pas envoy\u00e9). Il est de la responsabilit\u00e9 de l\u2019\u00e9tudiant de rapporter ce(s) document(s) au P\u00f4le Relations internationales de l\u2019ensa Nantes. La validation des r\u00e9sultats se fera sur cette base.<\/p>\n\n\n\n<h4 class=\"wp-block-heading\">Proc\u00e9dure de candidature <\/h4>\n\n\n\n<p>1. Compl\u00e9ter l&rsquo;acte de candidature sur Teams<\/p>\n\n\n\n<p><a href=\"https:\/\/forms.office.com\/Pages\/ResponsePage.aspx?id=A53gTjU6-0uHOgvp5ZeArDMS8V3fsS5BozBzGtjSaNlUMUxITFA3RElJQUI0TDdPUThJWVY1VTFRTC4u\" target=\"_blank\" rel=\"noreferrer noopener\"><strong>ACTE DE CANDIDATURE<\/strong><\/a><\/p>\n\n\n\n<p>2. Enregistrer les v\u0153ux sur Taiga<\/p>\n\n\n\n<ul class=\"wp-block-list\" type=\"a\"><li>Se connecter Taiga et se mettre sur l\u2019ann\u00e9e <strong>2022-2023<\/strong>.\u00a0<\/li><li>Cliquer sur l\u2019onglet Mobilit\u00e9s visible en haut \u00e0 gauche.<\/li><li>S\u00e9lectionner les 3 \u00e9tablissements choisis et la p\u00e9riode souhait\u00e9e<\/li><li>Hi\u00e9rarchiser les choix ET enregistrer<\/li><li>D\u00e9poser les documents suivants sur Taiga \u2013 Onglets fichiers personnels\u00a0:\u00a0 la copie du passeport ou CNI \u00e0 jour, le certificat de langues et pour les \u00e9tudiants arriv\u00e9s par \u00e9quivalence\/transfert, les relev\u00e9s de notes des ann\u00e9es pr\u00e9c\u00e9dentes<\/li><\/ul>\n\n\n\n<p>3. Confirmer votre choix au entre le 01\/02\/2022 au 07\/02\/2022 <\/p>\n\n\n\n<p>Date limite de d\u00e9p\u00f4t des dossiers de candidature : 17 janvier 2022<\/p>\n\n\n\n<h4 class=\"wp-block-heading\">Calendrier pr\u00e9visionnel (susceptible d&rsquo;\u00eatre modifi\u00e9)<\/h4>\n\n\n\n<p>Date limite de d\u00e9p\u00f4t des dossiers : 17 janvier 2022<br>Commission de s\u00e9lection : entre le 20 et 29 janvier 2022<br>Acceptation des destinations : entre le 01 et le 07 f\u00e9vrier 2022<\/p>\n\n\n\n<h4 class=\"wp-block-heading\">Ressources documentaires<\/h4>\n\n\n\n<p>Tous les documents ressources sont disponibles sur le <a href=\"https:\/\/teams.microsoft.com\/l\/team\/19%3a48Z-l-no0Lis1QnuBJ8pE9Gomjgokogt34R057BIoz41%40thread.tacv2\/conversations?groupId=ea01c2dd-5e2f-4316-b2fd-cb4f86e0e93f&amp;tenantId=4ee09d03-3a35-4bfb-873a-0be9e59780ac\">Teams Outgoing<\/a><a rel=\"noreferrer noopener\" href=\"https:\/\/teams.microsoft.com\/l\/team\/19%3a48Z-l-no0Lis1QnuBJ8pE9Gomjgokogt34R057BIoz41%40thread.tacv2\/conversations?groupId=ea01c2dd-5e2f-4316-b2fd-cb4f86e0e93f&amp;tenantId=4ee09d03-3a35-4bfb-873a-0be9e59780ac\" target=\"_blank\"> <\/a><a href=\"https:\/\/teams.microsoft.com\/l\/team\/19%3a48Z-l-no0Lis1QnuBJ8pE9Gomjgokogt34R057BIoz41%40thread.tacv2\/conversations?groupId=ea01c2dd-5e2f-4316-b2fd-cb4f86e0e93f&amp;tenantId=4ee09d03-3a35-4bfb-873a-0be9e59780ac\">2223<\/a> dans l&rsquo;onglet Fichiers<\/p>\n\n\n\n<h4 class=\"wp-block-heading\">Contacts<\/h4>\n\n\n\n<p>P\u00f4le Relations Internationales \u2013 Service des \u00c9tudes : Nathalie Aknin, Lobo Ravelontsalama<br>Bureau ouvert tous les jours sauf le mercredi de 13h30 \u00e0 17h00 ou contact par mail \u00e0 <a href=\"mailto:relations.internationales@nantes.archi.fr\">relations.internationales@nantes.archi.fr<\/a><\/p>\n","protected":false},"excerpt":{"rendered":"<p>Outgoing Avant la mobilit\u00e9 Pour vous : v\u00e9rifier que vos documents d\u2019identit\u00e9 sont bien \u00e0 jour, souscrire \u00e0 une assurance de s\u00e9curit\u00e9 sociale et responsabilit\u00e9 civile \u00e0 l\u2019\u00e9tranger, faire sa demande de visa si n\u00e9cessaire, faire les vaccins recommand\u00e9s ou obligatoires, demander les bourses, se r\u00e9inscrire administrativement \u00e0 l\u2019ensa Nantes, s\u2019inscrire sur le portail Ariane &hellip; <\/p>\n<p class=\"link-more\"><a href=\"https:\/\/le.nantes.archi.fr\/?page_id=31\" class=\"more-link\">Continuer la lecture<span class=\"screen-reader-text\"> de &laquo;&nbsp;Mobilit\u00e9s internationales&nbsp;&raquo;<\/span><\/a><\/p>\n","protected":false},"author":1,"featured_media":0,"parent":0,"menu_order":0,"comment_status":"closed","ping_status":"closed","template":"","meta":{"_acf_changed":false,"footnotes":""},"class_list":["post-31","page","type-page","status-publish","hentry"],"acf":[],"_links":{"self":[{"href":"https:\/\/le.nantes.archi.fr\/index.php?rest_route=\/wp\/v2\/pages\/31","targetHints":{"allow":["GET"]}}],"collection":[{"href":"https:\/\/le.nantes.archi.fr\/index.php?rest_route=\/wp\/v2\/pages"}],"about":[{"href":"https:\/\/le.nantes.archi.fr\/index.php?rest_route=\/wp\/v2\/types\/page"}],"author":[{"embeddable":true,"href":"https:\/\/le.nantes.archi.fr\/index.php?rest_route=\/wp\/v2\/users\/1"}],"replies":[{"embeddable":true,"href":"https:\/\/le.nantes.archi.fr\/index.php?rest_route=%2Fwp%2Fv2%2Fcomments&post=31"}],"version-history":[{"count":43,"href":"https:\/\/le.nantes.archi.fr\/index.php?rest_route=\/wp\/v2\/pages\/31\/revisions"}],"predecessor-version":[{"id":1431,"href":"https:\/\/le.nantes.archi.fr\/index.php?rest_route=\/wp\/v2\/pages\/31\/revisions\/1431"}],"wp:attachment":[{"href":"https:\/\/le.nantes.archi.fr\/index.php?rest_route=%2Fwp%2Fv2%2Fmedia&parent=31"}],"curies":[{"name":"wp","href":"https:\/\/api.w.org\/{rel}","templated":true}]}}