{"id":429,"date":"2018-09-12T13:04:58","date_gmt":"2018-09-12T11:04:58","guid":{"rendered":"https:\/\/le.nantes.archi.fr\/?page_id=429"},"modified":"2025-06-19T15:10:55","modified_gmt":"2025-06-19T13:10:55","slug":"calendrier-pedagogique","status":"publish","type":"page","link":"https:\/\/le.nantes.archi.fr\/?page_id=429","title":{"rendered":"Calendrier p\u00e9dagogique"},"content":{"rendered":"<p>Ci-joint le planning p\u00e9dagogique de l&rsquo;ann\u00e9e 2025\/2026<\/p>\n\n\n<div data-wp-interactive=\"core\/file\" class=\"wp-block-file\"><object data-wp-bind--hidden=\"!state.hasPdfPreview\" hidden class=\"wp-block-file__embed\" data=\"https:\/\/le.nantes.archi.fr\/wp-content\/uploads\/2025\/06\/2526_Calendrier.pdf\" type=\"application\/pdf\" style=\"width:100%;height:600px\" aria-label=\"Contenu embarqu\u00e9 2526_Calendrier.\"><\/object><a id=\"wp-block-file--media-c9aa60a3-233b-4c84-85fc-ad9e8d9d7a9e\" href=\"https:\/\/le.nantes.archi.fr\/wp-content\/uploads\/2025\/06\/2526_Calendrier.pdf\">2526_Calendrier<\/a><a href=\"https:\/\/le.nantes.archi.fr\/wp-content\/uploads\/2025\/06\/2526_Calendrier.pdf\" class=\"wp-block-file__button wp-element-button\" download aria-describedby=\"wp-block-file--media-c9aa60a3-233b-4c84-85fc-ad9e8d9d7a9e\">T\u00e9l\u00e9charger<\/a><\/div>\n\n\n\n<p><\/p>\n","protected":false},"excerpt":{"rendered":"<p>Ci-joint le planning p\u00e9dagogique de l&rsquo;ann\u00e9e 2025\/2026<\/p>\n","protected":false},"author":6,"featured_media":0,"parent":0,"menu_order":0,"comment_status":"closed","ping_status":"closed","template":"","meta":{"_acf_changed":false,"footnotes":""},"class_list":["post-429","page","type-page","status-publish","hentry"],"acf":[],"_links":{"self":[{"href":"https:\/\/le.nantes.archi.fr\/index.php?rest_route=\/wp\/v2\/pages\/429","targetHints":{"allow":["GET"]}}],"collection":[{"href":"https:\/\/le.nantes.archi.fr\/index.php?rest_route=\/wp\/v2\/pages"}],"about":[{"href":"https:\/\/le.nantes.archi.fr\/index.php?rest_route=\/wp\/v2\/types\/page"}],"author":[{"embeddable":true,"href":"https:\/\/le.nantes.archi.fr\/index.php?rest_route=\/wp\/v2\/users\/6"}],"replies":[{"embeddable":true,"href":"https:\/\/le.nantes.archi.fr\/index.php?rest_route=%2Fwp%2Fv2%2Fcomments&post=429"}],"version-history":[{"count":60,"href":"https:\/\/le.nantes.archi.fr\/index.php?rest_route=\/wp\/v2\/pages\/429\/revisions"}],"predecessor-version":[{"id":2687,"href":"https:\/\/le.nantes.archi.fr\/index.php?rest_route=\/wp\/v2\/pages\/429\/revisions\/2687"}],"wp:attachment":[{"href":"https:\/\/le.nantes.archi.fr\/index.php?rest_route=%2Fwp%2Fv2%2Fmedia&parent=429"}],"curies":[{"name":"wp","href":"https:\/\/api.w.org\/{rel}","templated":true}]}}