{"id":53,"date":"2017-12-04T10:16:46","date_gmt":"2017-12-04T09:16:46","guid":{"rendered":"https:\/\/le.nantes.archi.fr\/?page_id=53"},"modified":"2026-04-16T17:25:44","modified_gmt":"2026-04-16T15:25:44","slug":"reglement-des-etudes","status":"publish","type":"page","link":"https:\/\/le.nantes.archi.fr\/?page_id=53","title":{"rendered":"R\u00e8glements (des \u00e9tudes et int\u00e9rieur)"},"content":{"rendered":"<p>Le r\u00e8glement des \u00e9tudes 25\/26 est \u00e0 t\u00e9l\u00e9charger ici<\/p>\n\n\n<div data-wp-interactive=\"core\/file\" class=\"wp-block-file\"><object data-wp-bind--hidden=\"!state.hasPdfPreview\" hidden class=\"wp-block-file__embed\" data=\"https:\/\/le.nantes.archi.fr\/wp-content\/uploads\/2025\/09\/2526_Rglt_compressed.pdf\" type=\"application\/pdf\" style=\"width:100%;height:600px\" aria-label=\"Contenu embarqu\u00e9 2526_Rglt_compressed.\"><\/object><a id=\"wp-block-file--media-771d3cf3-83cb-4598-b5e8-2d791e851c4e\" href=\"https:\/\/le.nantes.archi.fr\/wp-content\/uploads\/2025\/09\/2526_Rglt_compressed.pdf\">2526_Rglt_compressed<\/a><a href=\"https:\/\/le.nantes.archi.fr\/wp-content\/uploads\/2025\/09\/2526_Rglt_compressed.pdf\" class=\"wp-block-file__button wp-element-button\" download aria-describedby=\"wp-block-file--media-771d3cf3-83cb-4598-b5e8-2d791e851c4e\">T\u00e9l\u00e9charger<\/a><\/div>\n\n\n\n<p>Le r\u00e8glement int\u00e9rieur vot\u00e9 en CA est \u00e0 t\u00e9l\u00e9charger ici<\/p>\n\n\n\n<div data-wp-interactive=\"core\/file\" class=\"wp-block-file\"><object data-wp-bind--hidden=\"!state.hasPdfPreview\" hidden class=\"wp-block-file__embed\" data=\"https:\/\/le.nantes.archi.fr\/wp-content\/uploads\/2026\/04\/Reglement_interieur.pdf\" type=\"application\/pdf\" style=\"width:100%;height:600px\" aria-label=\"Contenu embarqu\u00e9 Reglement_interieur.\"><\/object><a id=\"wp-block-file--media-46f0d754-a645-4685-836a-377c7393b84b\" href=\"https:\/\/le.nantes.archi.fr\/wp-content\/uploads\/2026\/04\/Reglement_interieur.pdf\">Reglement_interieur<\/a><a href=\"https:\/\/le.nantes.archi.fr\/wp-content\/uploads\/2026\/04\/Reglement_interieur.pdf\" class=\"wp-block-file__button wp-element-button\" download aria-describedby=\"wp-block-file--media-46f0d754-a645-4685-836a-377c7393b84b\">T\u00e9l\u00e9charger<\/a><\/div>\n","protected":false},"excerpt":{"rendered":"<p>Le r\u00e8glement des \u00e9tudes 25\/26 est \u00e0 t\u00e9l\u00e9charger ici Le r\u00e8glement int\u00e9rieur vot\u00e9 en CA est \u00e0 t\u00e9l\u00e9charger ici<\/p>\n","protected":false},"author":1,"featured_media":0,"parent":0,"menu_order":0,"comment_status":"closed","ping_status":"closed","template":"","meta":{"_acf_changed":false,"footnotes":""},"class_list":["post-53","page","type-page","status-publish","hentry"],"acf":[],"_links":{"self":[{"href":"https:\/\/le.nantes.archi.fr\/index.php?rest_route=\/wp\/v2\/pages\/53","targetHints":{"allow":["GET"]}}],"collection":[{"href":"https:\/\/le.nantes.archi.fr\/index.php?rest_route=\/wp\/v2\/pages"}],"about":[{"href":"https:\/\/le.nantes.archi.fr\/index.php?rest_route=\/wp\/v2\/types\/page"}],"author":[{"embeddable":true,"href":"https:\/\/le.nantes.archi.fr\/index.php?rest_route=\/wp\/v2\/users\/1"}],"replies":[{"embeddable":true,"href":"https:\/\/le.nantes.archi.fr\/index.php?rest_route=%2Fwp%2Fv2%2Fcomments&post=53"}],"version-history":[{"count":22,"href":"https:\/\/le.nantes.archi.fr\/index.php?rest_route=\/wp\/v2\/pages\/53\/revisions"}],"predecessor-version":[{"id":2823,"href":"https:\/\/le.nantes.archi.fr\/index.php?rest_route=\/wp\/v2\/pages\/53\/revisions\/2823"}],"wp:attachment":[{"href":"https:\/\/le.nantes.archi.fr\/index.php?rest_route=%2Fwp%2Fv2%2Fmedia&parent=53"}],"curies":[{"name":"wp","href":"https:\/\/api.w.org\/{rel}","templated":true}]}}