{"id":576,"date":"2019-06-26T16:25:15","date_gmt":"2019-06-26T14:25:15","guid":{"rendered":"https:\/\/le.nantes.archi.fr\/?page_id=576"},"modified":"2025-07-03T17:37:44","modified_gmt":"2025-07-03T15:37:44","slug":"presentation-audio-des-projets-longs-de-master","status":"publish","type":"page","link":"https:\/\/le.nantes.archi.fr\/?page_id=576","title":{"rendered":"Pr\u00e9sentation des options de Master"},"content":{"rendered":"\n<p>Tableau de l\u2019offre p\u00e9dagogique pour toute l\u2019ann\u00e9e 25\/26, Licence et Master :<\/p>\n\n\n\n<div data-wp-interactive=\"core\/file\" class=\"wp-block-file\"><object data-wp-bind--hidden=\"!state.hasPdfPreview\" hidden class=\"wp-block-file__embed\" data=\"https:\/\/le.nantes.archi.fr\/wp-content\/uploads\/2025\/07\/2526_Offre_Pedagogique-1.pdf\" type=\"application\/pdf\" style=\"width:100%;height:600px\" aria-label=\"Contenu embarqu\u00e9 2526_Offre_Pedagogique.\"><\/object><a id=\"wp-block-file--media-f2b454e9-1eb2-4916-b097-c612788d8faa\" href=\"https:\/\/le.nantes.archi.fr\/wp-content\/uploads\/2025\/07\/2526_Offre_Pedagogique-1.pdf\">2526_Offre_Pedagogique<\/a><a href=\"https:\/\/le.nantes.archi.fr\/wp-content\/uploads\/2025\/07\/2526_Offre_Pedagogique-1.pdf\" class=\"wp-block-file__button wp-element-button\" download aria-describedby=\"wp-block-file--media-f2b454e9-1eb2-4916-b097-c612788d8faa\">T\u00e9l\u00e9charger<\/a><\/div>\n\n\n\n<p>Pr\u00e9sentation 25\/26 des s\u00e9minaires de m\u00e9moire<\/p>\n\n\n\n<div data-wp-interactive=\"core\/file\" class=\"wp-block-file\"><object data-wp-bind--hidden=\"!state.hasPdfPreview\" hidden class=\"wp-block-file__embed\" data=\"https:\/\/le.nantes.archi.fr\/wp-content\/uploads\/2024\/11\/Memoire_compressed.pdf\" type=\"application\/pdf\" style=\"width:100%;height:600px\" aria-label=\"Contenu embarqu\u00e9 Memoire_compressed.\"><\/object><a id=\"wp-block-file--media-f13c5ef7-f1b2-4424-8750-53cf4279bc97\" href=\"https:\/\/le.nantes.archi.fr\/wp-content\/uploads\/2024\/11\/Memoire_compressed.pdf\">Memoire_compressed<\/a><a href=\"https:\/\/le.nantes.archi.fr\/wp-content\/uploads\/2024\/11\/Memoire_compressed.pdf\" class=\"wp-block-file__button wp-element-button\" download aria-describedby=\"wp-block-file--media-f13c5ef7-f1b2-4424-8750-53cf4279bc97\">T\u00e9l\u00e9charger<\/a><\/div>\n\n\n\n<h2 class=\"wp-block-heading\">Pr\u00e9sentation des projets longs Ann\u00e9e 2025\/2026 <a href=\"https:\/\/youtu.be\/6VI_Q4IUFTA\">https:\/\/youtu.be\/6VI_Q4IUFTA<\/a><\/h2>\n","protected":false},"excerpt":{"rendered":"<p>Tableau de l\u2019offre p\u00e9dagogique pour toute l\u2019ann\u00e9e 25\/26, Licence et Master : Pr\u00e9sentation 25\/26 des s\u00e9minaires de m\u00e9moire Pr\u00e9sentation des projets longs Ann\u00e9e 2025\/2026 https:\/\/youtu.be\/6VI_Q4IUFTA<\/p>\n","protected":false},"author":6,"featured_media":0,"parent":0,"menu_order":0,"comment_status":"closed","ping_status":"closed","template":"","meta":{"_acf_changed":false,"footnotes":""},"class_list":["post-576","page","type-page","status-publish","hentry"],"acf":[],"_links":{"self":[{"href":"https:\/\/le.nantes.archi.fr\/index.php?rest_route=\/wp\/v2\/pages\/576","targetHints":{"allow":["GET"]}}],"collection":[{"href":"https:\/\/le.nantes.archi.fr\/index.php?rest_route=\/wp\/v2\/pages"}],"about":[{"href":"https:\/\/le.nantes.archi.fr\/index.php?rest_route=\/wp\/v2\/types\/page"}],"author":[{"embeddable":true,"href":"https:\/\/le.nantes.archi.fr\/index.php?rest_route=\/wp\/v2\/users\/6"}],"replies":[{"embeddable":true,"href":"https:\/\/le.nantes.archi.fr\/index.php?rest_route=%2Fwp%2Fv2%2Fcomments&post=576"}],"version-history":[{"count":126,"href":"https:\/\/le.nantes.archi.fr\/index.php?rest_route=\/wp\/v2\/pages\/576\/revisions"}],"predecessor-version":[{"id":2705,"href":"https:\/\/le.nantes.archi.fr\/index.php?rest_route=\/wp\/v2\/pages\/576\/revisions\/2705"}],"wp:attachment":[{"href":"https:\/\/le.nantes.archi.fr\/index.php?rest_route=%2Fwp%2Fv2%2Fmedia&parent=576"}],"curies":[{"name":"wp","href":"https:\/\/api.w.org\/{rel}","templated":true}]}}